{"id":123,"date":"2024-11-24T17:40:50","date_gmt":"2024-11-24T16:40:50","guid":{"rendered":"https:\/\/easyfordoc.com\/?page_id=123"},"modified":"2024-11-24T17:40:50","modified_gmt":"2024-11-24T16:40:50","slug":"politique-de-confidentialite-2","status":"publish","type":"page","link":"https:\/\/easyfordoc.com\/?page_id=123","title":{"rendered":"Politique de Confidentialit\u00e9"},"content":{"rendered":"\n<p><\/p>\n\n\n\n<p>ARTICLE 1 : PR\u00c9AMBULE &nbsp;<\/p>\n\n\n\n<p>La pr\u00e9sente politique de confidentialit\u00e9 a pour but d\u2019informer les utilisateurs du site et de l\u2019application:&nbsp;<br><\/p>\n\n\n\n<ul class=\"wp-block-list\">\n<li>Sur la mani\u00e8re dont sont collect\u00e9es leurs donn\u00e9es personnelles. Sont consid\u00e9r\u00e9es comme des donn\u00e9es personnelles, toute information permettant d\u2019identifier un utilisateur. A ce titre, il peut s\u2019agir : de ses noms et pr\u00e9noms, de son \u00e2ge, de son adresse postale ou email, de sa localisation ou encore de son adresse IP (liste non-exhaustive) ;\u00a0<\/li>\n\n\n\n<li>Sur les droits dont ils disposent concernant ces donn\u00e9es ; \u00a0<\/li>\n\n\n\n<li>Sur la personne responsable du traitement des donn\u00e9es \u00e0 caract\u00e8re personnel collect\u00e9es et trait\u00e9es ; \u00a0<\/li>\n\n\n\n<li>Sur les destinataires de ces donn\u00e9es personnelles ; \u00a0<\/li>\n\n\n\n<li>Sur la politique du site en mati\u00e8re de cookies. \u00a0<\/li>\n<\/ul>\n\n\n\n<p>Nous accordons une grande importance \u00e0 la protection et la confidentialit\u00e9\u0301 des donn\u00e9es personnelles de nos utilisateurs qui repr\u00e9sentent pour nous un gage de s\u00e9rieux et de confiance.<\/p>\n\n\n\n<p>La politique de confidentialit\u00e9 des donn\u00e9es t\u00e9moigne pr\u00e9cis\u00e9ment de notre volont\u00e9 de faire respecter les r\u00e8gles applicables en mati\u00e8re de protection des donn\u00e9es et, notamment, celles du R\u00e8glement g\u00e9n\u00e9ral sur la protection des Donn\u00e9es (&#8220;RGPD&#8221;).<\/p>\n\n\n\n<p>En particulier, la politique de confidentialit\u00e9\u0301 vise \u00e0 vous informer sur la mani\u00e8re et les raisons pour lesquelles nous traitons vos donn\u00e9es dans le cadre des services que nous fournissons.<\/p>\n\n\n\n<p>Cette politique compl\u00e8te les mentions l\u00e9gales et les Conditions G\u00e9n\u00e9rales d\u2019Utilisation consultables par les utilisateurs \u00e0 l\u2019adresse suivante : &nbsp;<\/p>\n\n\n\n<figure class=\"wp-block-embed is-type-wp-embed is-provider-easyfordoc wp-block-embed-easyfordoc\"><div class=\"wp-block-embed__wrapper\">\n<blockquote class=\"wp-embedded-content\" data-secret=\"dySyCr8SiB\"><a href=\"https:\/\/easyfordoc.com\/?page_id=49\">S\u00e9curit\u00e9 optimale<\/a><\/blockquote><iframe loading=\"lazy\" class=\"wp-embedded-content\" sandbox=\"allow-scripts\" security=\"restricted\" style=\"position: absolute; visibility: hidden;\" title=\"\u00ab\u00a0S\u00e9curit\u00e9 optimale\u00a0\u00bb &#8212; EASYFORDOC\" src=\"https:\/\/easyfordoc.com\/?page_id=49&#038;embed=true#?secret=H94YlBe8VF#?secret=dySyCr8SiB\" data-secret=\"dySyCr8SiB\" width=\"500\" height=\"282\" frameborder=\"0\" marginwidth=\"0\" marginheight=\"0\" scrolling=\"no\"><\/iframe>\n<\/div><\/figure>\n\n\n\n<p>ARTICLE 2 : PRINCIPES RELATIFS \u00c0 LA COLLECTE ET AU TRAITEMENT DES DONN\u00c9ES PERSONNELLES&nbsp; &nbsp;<\/p>\n\n\n\n<p>Conform\u00e9ment \u00e0 l\u2019article 5 du R\u00e8glement europ\u00e9en 2016\/679, les donn\u00e9es \u00e0 caract\u00e8re personnel sont:&nbsp; &nbsp;<\/p>\n\n\n\n<ul class=\"wp-block-list\">\n<li>Trait\u00e9es de mani\u00e8re licite, loyale et transparente au regard de la personne concern\u00e9e ;\u00a0<\/li>\n\n\n\n<li>Collect\u00e9es pour des finalit\u00e9s d\u00e9termin\u00e9es (cf. Article 3.1 des pr\u00e9sentes), explicites et l\u00e9gitimes, et ne pas \u00eatre trait\u00e9es ult\u00e9rieurement d&#8217;une mani\u00e8re incompatible avec ces finalit\u00e9s ;\u00a0<\/li>\n\n\n\n<li>Ad\u00e9quates, pertinentes et limit\u00e9es \u00e0 ce qui est n\u00e9cessaire au regard des finalit\u00e9s pour lesquelles elles sont trait\u00e9es ;\u00a0<\/li>\n\n\n\n<li>Exactes et, si n\u00e9cessaire, tenues \u00e0 jour. Toutes les mesures raisonnables doivent \u00eatre prises pour que les donn\u00e9es \u00e0 caract\u00e8re personnel qui sont inexactes, eu \u00e9gard aux finalit\u00e9s pour lesquelles elles sont trait\u00e9es, soient effac\u00e9es ou rectifi\u00e9es sans tarder ; \u00a0<\/li>\n\n\n\n<li>Conserv\u00e9es sous une forme permettant l&#8217;identification des personnes concern\u00e9es pendant une dur\u00e9e n&#8217;exc\u00e9dant pas celle n\u00e9cessaire au regard des finalit\u00e9s pour lesquelles elles sont trait\u00e9es ;\u00a0<\/li>\n\n\n\n<li>Trait\u00e9es de fa\u00e7on \u00e0 garantir une s\u00e9curit\u00e9 appropri\u00e9e des donn\u00e9es collect\u00e9es, y compris la protection contre le traitement non autoris\u00e9 ou illicite et contre la perte, la destruction ou les d\u00e9g\u00e2ts d&#8217;origine accidentelle, \u00e0 l&#8217;aide de mesures techniques ou organisationnelles appropri\u00e9es. \u00a0<\/li>\n<\/ul>\n\n\n\n<p>Le traitement n&#8217;est licite que si, et dans la mesure o\u00f9, au moins une des conditions suivantes est remplie :&nbsp;<\/p>\n\n\n\n<ul class=\"wp-block-list\">\n<li>La personne concern\u00e9e a consenti au traitement de ses donn\u00e9es \u00e0 caract\u00e8re personnel pour une ou plusieurs finalit\u00e9s sp\u00e9cifiques ;<\/li>\n\n\n\n<li>Le traitement est n\u00e9cessaire \u00e0 l&#8217;ex\u00e9cution d&#8217;un contrat auquel la personne concern\u00e9e est partie ou \u00e0 l&#8217;ex\u00e9cution de mesures pr\u00e9contractuelles prises \u00e0 la demande de celle-ci ;\u00a0<\/li>\n\n\n\n<li>Le traitement est n\u00e9cessaire au respect d&#8217;une obligation l\u00e9gale \u00e0 laquelle le responsable du traitement est soumis ;\u00a0<\/li>\n\n\n\n<li>Le traitement est n\u00e9cessaire \u00e0 la sauvegarde des int\u00e9r\u00eats vitaux de la personne concern\u00e9e ou d&#8217;une autre personne physique ;\u00a0<\/li>\n\n\n\n<li>Le traitement est n\u00e9cessaire \u00e0 l&#8217;ex\u00e9cution d&#8217;une mission d&#8217;int\u00e9r\u00eat public ou relevant de l&#8217;exercice de l&#8217;autorit\u00e9 publique dont est investi le responsable du traitement ;\u00a0<\/li>\n\n\n\n<li>Le traitement est n\u00e9cessaire aux fins des int\u00e9r\u00eats l\u00e9gitimes poursuivis par le responsable du traitement ou par un tiers, \u00e0 moins que ne pr\u00e9valent les int\u00e9r\u00eats ou les libert\u00e9s et droits fondamentaux de la personne concern\u00e9e qui exigent une protection des donn\u00e9es \u00e0 caract\u00e8re personnel, notamment lorsque la personne concern\u00e9e est un enfant.\u00a0<\/li>\n<\/ul>\n\n\n\n<p>ARTICLE 3 : DONN\u00c9ES \u00c0 CARACT\u00c8RE PERSONNEL COLLECT\u00c9ES ET TRAIT\u00c9ES DANS LE CADRE DE LA NAVIGATION SUR LE SITE &nbsp;<\/p>\n\n\n\n<p>Article 3.1 : Donn\u00e9es collect\u00e9es &nbsp;<\/p>\n\n\n\n<p>Les donn\u00e9es personnelles collect\u00e9es dans le cadre de l&#8217;activit\u00e9 sont les suivantes : \u00a0<\/p>\n\n\n\n<ul class=\"wp-block-list\">\n<li>Donn\u00e9es praticien\u00a0: nom, pr\u00e9nom, num\u00e9ro, RPPS ou ADELI, sp\u00e9cialit\u00e9 d\u2019exercice m\u00e9dicale, signature, ent\u00eate de courrier et bandeau de courrier professionnel transmis par le professionnel concern\u00e9 et pouvant contenir les informations qu\u2019il souhaite transmettre dans le cadre de l\u2019\u00e9tablissement de ses documents personnalis\u00e9s.\u00a0<\/li>\n\n\n\n<li>Donn\u00e9es d\u2019ordre \u00e9conomique et financier (relatif \u00e0 un \u00e9ventuel abonnement tarifaire).\u00a0<\/li>\n\n\n\n<li>La collecte et le traitement de ces donn\u00e9es r\u00e9pond \u00e0 la base l\u00e9gale de l\u2019inter\u00eat l\u00e9gitime de la soci\u00e9t\u00e9 EASYFORDOC : Faciliter l\u2019\u00e9dition de documents en un clic dans le cadre d\u2019un parcours de soins d\u2019un patient.\u00a0<\/li>\n\n\n\n<li>Dans ce cadre la soci\u00e9t\u00e9 EASYFORDOC peut \u00eatre amen\u00e9 \u00e0 traiter de mani\u00e8re temporaire des donn\u00e9es patients\u00a0 d\u2019ordre personnel\u00a0 mais limit\u00e9es \u00e0 :Nom, Pr\u00e9nom, date de naissance et Genre. La soci\u00e9t\u00e9 EASYFORDOC s\u2019assurera du traitement de ces seules donn\u00e9es dans l\u2019unique but d\u2019\u00e9diter un pack de courrier \u00e0 l\u2019attention exclusive du praticien professionnel prescripteur. Aucune donn\u00e9e patient ne sera stock\u00e9e dans les serveurs d\u2019EASYFORDOC. Le praticien professionnel acc\u00e9dant aux services d\u2019EASYFORDOC, suivant les conditions d\u2019acc\u00e8s auxquelles il aura adh\u00e9r\u00e9, s\u2019engage \u00e0 d\u00e9gager de toute responsabilit\u00e9 la soci\u00e9t\u00e9 EASYFORDOC en cas d\u2019utilisation non consentie des donn\u00e9es patient ayant transit\u00e9 via le serveur de la soci\u00e9t\u00e9 EASYFORDOC dans le cadre de l\u2019\u00e9laboration des documents m\u00e9dicaux.\u00a0<\/li>\n<\/ul>\n\n\n\n<ul class=\"wp-block-list\">\n<li>Les donn\u00e9es d\u2019identification personnelles et professionnelles sont conserv\u00e9es pendant toute la dur\u00e9e de la fourniture du service \u00e0 laquelle s\u2019ajoutent les d\u00e9lais de prescriptions l\u00e9gaux qui sont g\u00e9n\u00e9ralement de 5 ans. Ces donn\u00e9es ne servent qu\u2019\u00e0 g\u00e9n\u00e9rer un parcours de soin personnalis\u00e9 et seront effac\u00e9es apr\u00e8s la fourniture du service.<\/li>\n<\/ul>\n\n\n\n<p>Article 3.2 : Mode de collecte des donn\u00e9es&nbsp;<\/p>\n\n\n\n<p>A l\u2019expiration des dur\u00e9es de conservation r\u00e9sum\u00e9es pr\u00e9c\u00e9demment, ou \u00e0 la demande express de votre part notamment en cas de r\u00e9siliation de l\u2019acc\u00e8s aux service de la soci\u00e9t\u00e9 EASYFORDOC,&nbsp; nous supprimonstoutes donn\u00e9es personnelles afin de garantir votre confidentialit\u00e9 pour les ann\u00e9es futures.&nbsp;<\/p>\n\n\n\n<p>La suppression de vos donn\u00e9es personnelles est irr\u00e9versible et nous ne pourrons plus vous les communiquer pass\u00e9 ce d\u00e9lai. Tout au plus, nous pouvons uniquement conserver des donn\u00e9es anonymes \u00e0 des fins de statistiques.&nbsp;<\/p>\n\n\n\n<p>La soci\u00e9t\u00e9 est susceptible de conserver certaines donn\u00e9es \u00e0 caract\u00e8re personnel au-del\u00e0 des d\u00e9lais annonc\u00e9s ci-dessus afin de remplir ses obligations l\u00e9gales ou r\u00e9glementaires.&nbsp;<\/p>\n\n\n\n<p>Article 3.3 : H\u00e9bergement des donn\u00e9es&nbsp;<\/p>\n\n\n\n<p>Le site <em>EasyforDoc <\/em>est h\u00e9berg\u00e9 par : &nbsp;<\/p>\n\n\n\n<p><em>GANDI SAS 63-65 boulevard Mass\u00e9na Paris (75013) FRANCE<br>Siren 423 093 459 RCS PARIS<br>n. de TVA FR81423093459 direction@gandi.net<\/em><\/p>\n\n\n\n<p>ARTICLE 4 : RESPONSABLE DU TRAITEMENT DES DONN\u00c9ES ET D\u00c9L\u00c9GU\u00c9 \u00c0 LA PROTECTION DES DONN\u00c9ES&nbsp;<br><\/p>\n\n\n\n<p>Article 4.1 : Le responsable du traitement des donn\u00e9es &nbsp;<\/p>\n\n\n\n<p>Les donn\u00e9es \u00e0 caract\u00e8re personnelles sont collect\u00e9es par :&nbsp;<\/p>\n\n\n\n<p><strong>EASYFORDOC SAS<\/strong><\/p>\n\n\n\n<p>10 rue PRINCESSE&nbsp;<\/p>\n\n\n\n<p>75006 PARIS<\/p>\n\n\n\n<p>Adresse de messagerie : easyfordoc@proton.me<\/p>\n\n\n\n<p>N\u00b0 Immatriculation&nbsp;: 953 547 957&nbsp; RCS PARIS<\/p>\n\n\n\n<p>Capital social : 4000 euros<\/p>\n\n\n\n<p>Le responsable du traitement des donn\u00e9es \u00e0 caract\u00e8re personnel peut \u00eatre contact\u00e9 de la mani\u00e8re suivante : &nbsp;<\/p>\n\n\n\n<p>Par courrier \u00e0 l\u2019adresse :&nbsp; Responsable RGPD &#8211; EASYFORDOC SAS, 10 rue PRINCESSE , 75006 PARIS&nbsp;<\/p>\n\n\n\n<p>Par mail :&nbsp; easyfordoc@proton.me<\/p>\n\n\n\n<p>Article 4.2 : Le d\u00e9l\u00e9gu\u00e9 \u00e0 la protection des donn\u00e9es<strong>&nbsp;<\/strong><br><\/p>\n\n\n\n<p>Le d\u00e9l\u00e9gu\u00e9 \u00e0 la protection des donn\u00e9es de l\u2019entreprise ou du responsable est :\u00a0Mr Philippe PRADEL, Soci\u00e9t\u00e9 EASYFORDOC 10 rue PRINCESSE, 75006 PARIS .<\/p>\n\n\n\n<p>Courriel :\u00a0 easyfordoc@proton.me<br><\/p>\n\n\n\n<p>Si vous estimez, apr\u00e8s nous avoir contact\u00e9s, que vos droits \u201cInformatique et Libert\u00e9s\u201d, ne sont pas respect\u00e9s, vous pouvez adresser une information \u00e0 la CNIL.&nbsp;<\/p>\n\n\n\n<p>ARTICLE 5 : LES DROITS DE L\u2019UTILISATEUR EN MATI\u00c8RE DE COLLECTE ET DE TRAITEMENT DES DONN\u00c9ES &nbsp;<\/p>\n\n\n\n<p>Tout utilisateur concern\u00e9 par le traitement de ses donn\u00e9es personnelles peut se pr\u00e9valoir des droits suivants, en application du r\u00e8glement europ\u00e9en 2016\/679 et de la Loi Informatique et Libert\u00e9 (Loi 78-17 du 6 janvier 1978) :&nbsp; &nbsp;<\/p>\n\n\n\n<ul class=\"wp-block-list\">\n<li>Droit d\u2019acc\u00e8s, de rectification et droit \u00e0 l\u2019effacement des donn\u00e9es (pos\u00e9s respectivement aux articles 15, 16 et 17 du RGPD) ;\u00a0<br><\/li>\n\n\n\n<li>Droit \u00e0 la portabilit\u00e9 des donn\u00e9es (article 20 du RGPD) ;<br><\/li>\n\n\n\n<li>Droit \u00e0 la limitation (article 18 du RGPD) et \u00e0 l\u2019opposition du traitement des donn\u00e9es (article 21 du RGPD) ;\u00a0<br><\/li>\n\n\n\n<li>Droit de ne pas faire l\u2019objet d\u2019une d\u00e9cision fond\u00e9e exclusivement sur un proc\u00e9d\u00e9 automatis\u00e9 ;\u00a0<br><\/li>\n\n\n\n<li>Droit de d\u00e9terminer le sort des donn\u00e9es apr\u00e8s la mort ;\u00a0<br><\/li>\n\n\n\n<li>Droit de saisir l\u2019autorit\u00e9 de contr\u00f4le comp\u00e9tente (article 77 du RGPD). \u00a0<\/li>\n<\/ul>\n\n\n\n<p>Pour exercer vos droits, veuillez adresser votre courrier \u00e0 <em>EASYFORDOC SAS, 10 rue princesse 75006 Paris<\/em> ou par mail \u00e0 easyfordoc@proton.me<\/p>\n\n\n\n<p>Afin que le responsable du traitement des donn\u00e9es puisse faire droit \u00e0 sa demande, l\u2019utilisateur peut \u00eatre tenu de lui communiquer certaines informations telles que : ses noms et pr\u00e9noms, son adresse e-mail ainsi que son num\u00e9ro de compte, d\u2019espace personnel ou d\u2019abonn\u00e9. &nbsp;<\/p>\n\n\n\n<p>Consultez le site cnil.fr pour plus d\u2019informations sur vos droits.<br><\/p>\n\n\n\n<p>ARTICLE 6 : CONDITIONS DE MODIFICATION DE LA POLITIQUE DE CONFIDENTIALIT\u00c9<br><\/p>\n\n\n\n<p>L\u2019\u00e9diteur du site se r\u00e9serve le droit de pouvoir modifier la pr\u00e9sente Politique \u00e0 tout moment afin d\u2019assurer aux utilisateurs du site sa conformit\u00e9 avec le droit en vigueur. &nbsp;<\/p>\n\n\n\n<p>Les \u00e9ventuelles modifications ne sauraient avoir d\u2019incidence sur les achats ant\u00e9rieurement effectu\u00e9s sur le site, lesquels restent soumis \u00e0 la Politique en vigueur au moment de l\u2019achat et telle qu\u2019accept\u00e9e par l\u2019utilisateur lors de la validation de l\u2019achat. &nbsp;<\/p>\n\n\n\n<p>L\u2019utilisateur est invit\u00e9 \u00e0 prendre connaissance de cette Politique \u00e0 chaque fois qu\u2019il utilise nos services, sans qu\u2019il soit n\u00e9cessaire de l\u2019en pr\u00e9venir formellement. &nbsp;<\/p>\n\n\n\n<p>La pr\u00e9sente politique, \u00e9dit\u00e9e le 30 Aout 2024, a \u00e9t\u00e9 mise \u00e0 jour le 30 Aout 2024.<\/p>\n","protected":false},"excerpt":{"rendered":"<p>ARTICLE 1 : PR\u00c9AMBULE &nbsp; La pr\u00e9sente politique de confidentialit\u00e9 a pour but d\u2019informer les utilisateurs du site et de l\u2019application:&nbsp; Nous accordons une grande importance \u00e0 la protection et la confidentialit\u00e9\u0301 des donn\u00e9es personnelles de nos utilisateurs qui repr\u00e9sentent pour nous un gage de s\u00e9rieux et de confiance. La politique de confidentialit\u00e9 des donn\u00e9es [&hellip;]<\/p>\n","protected":false},"author":1,"featured_media":0,"parent":0,"menu_order":0,"comment_status":"closed","ping_status":"closed","template":"","meta":{"footnotes":""},"class_list":["post-123","page","type-page","status-publish","hentry"],"_links":{"self":[{"href":"https:\/\/easyfordoc.com\/index.php?rest_route=\/wp\/v2\/pages\/123","targetHints":{"allow":["GET"]}}],"collection":[{"href":"https:\/\/easyfordoc.com\/index.php?rest_route=\/wp\/v2\/pages"}],"about":[{"href":"https:\/\/easyfordoc.com\/index.php?rest_route=\/wp\/v2\/types\/page"}],"author":[{"embeddable":true,"href":"https:\/\/easyfordoc.com\/index.php?rest_route=\/wp\/v2\/users\/1"}],"replies":[{"embeddable":true,"href":"https:\/\/easyfordoc.com\/index.php?rest_route=%2Fwp%2Fv2%2Fcomments&post=123"}],"version-history":[{"count":1,"href":"https:\/\/easyfordoc.com\/index.php?rest_route=\/wp\/v2\/pages\/123\/revisions"}],"predecessor-version":[{"id":124,"href":"https:\/\/easyfordoc.com\/index.php?rest_route=\/wp\/v2\/pages\/123\/revisions\/124"}],"wp:attachment":[{"href":"https:\/\/easyfordoc.com\/index.php?rest_route=%2Fwp%2Fv2%2Fmedia&parent=123"}],"curies":[{"name":"wp","href":"https:\/\/api.w.org\/{rel}","templated":true}]}}