{"id":49,"date":"2023-07-01T21:28:54","date_gmt":"2023-07-01T19:28:54","guid":{"rendered":"https:\/\/easyfordoc.com\/?page_id=49"},"modified":"2023-07-04T16:32:49","modified_gmt":"2023-07-04T14:32:49","slug":"securite-optimale","status":"publish","type":"page","link":"https:\/\/easyfordoc.com\/?page_id=49","title":{"rendered":"S\u00e9curit\u00e9 optimale"},"content":{"rendered":"\n<figure class=\"wp-block-image size-full\"><img loading=\"lazy\" decoding=\"async\" width=\"960\" height=\"540\" src=\"https:\/\/easyfordoc.com\/wp-content\/uploads\/2023\/07\/Diapositive3-1.jpeg\" alt=\"\" class=\"wp-image-50\" srcset=\"https:\/\/easyfordoc.com\/wp-content\/uploads\/2023\/07\/Diapositive3-1.jpeg 960w, https:\/\/easyfordoc.com\/wp-content\/uploads\/2023\/07\/Diapositive3-1-300x169.jpeg 300w, https:\/\/easyfordoc.com\/wp-content\/uploads\/2023\/07\/Diapositive3-1-768x432.jpeg 768w\" sizes=\"auto, (max-width: 960px) 100vw, 960px\" \/><\/figure>\n\n\n\n<p>En mati\u00e8re de s\u00e9curit\u00e9 informatique, EasyForDoc ne stocke aucune donn\u00e9e nominative qui pourrait concerner les personnes morales ou physiques  identifi\u00e9es dans les documents g\u00e9n\u00e9r\u00e9s par l&#8217;application. <\/p>\n\n\n\n<p>Cel\u00e0 vous garantit de toute utilisation inappropri\u00e9e . <\/p>\n\n\n\n<p>Une fois les documents \u00e9dit\u00e9s notre algorithme les efface.  <\/p>\n\n\n\n<p>Vous seul, avez in fine l&#8217;unique contr\u00f4le absolu sur vos documents.<\/p>\n\n\n\n<p>Vous pouvez les envoyer, les imprimer, les t\u00e9l\u00e9charger. <\/p>\n\n\n\n<p><\/p>\n\n\n\n<p>* seules les donn\u00e9es utilisateurs et \u00e9diteurs des documents sont conserv\u00e9es sauf opposition de votre part. <\/p>\n\n\n\n<p>Information RGPD : Les donn\u00e9es personnelles des seuls utilisateurs et \u00e9diteurs,  \u00e0 savoir identit\u00e9, coordonn\u00e9es et identifiants professionnels, font l\u2019objet d\u2019un traitement par la soci\u00e9t\u00e9 EasyForDoc. Ces donn\u00e9es ne seront aucunement communiqu\u00e9es \u00e0 des tiers sans votre consentement express.<\/p>\n\n\n\n<p>Elles seront uniquement accessibles \u00e0 la soci\u00e9t\u00e9  EasyForDoc. <\/p>\n\n\n\n<p>Vous disposez d\u2019un droit d\u2019acc\u00e8s, de rectification et d\u2019opposition au traitement de vos donn\u00e9es.<\/p>\n\n\n\n<p>Vous avez la possibilit\u00e9 de refuser \u00e0 tout moment toute communication \u00e9crite ou orale suppl\u00e9mentaire de notre part. <\/p>\n\n\n\n<p>Pour exercer vos droits ou pour toute question, vous pouvez contacter EasyForDoc par email : contact@easyfordoc.com<\/p>\n","protected":false},"excerpt":{"rendered":"<p>En mati\u00e8re de s\u00e9curit\u00e9 informatique, EasyForDoc ne stocke aucune donn\u00e9e nominative qui pourrait concerner les personnes morales ou physiques identifi\u00e9es dans les documents g\u00e9n\u00e9r\u00e9s par l&#8217;application. Cel\u00e0 vous garantit de toute utilisation inappropri\u00e9e . Une fois les documents \u00e9dit\u00e9s notre algorithme les efface. Vous seul, avez in fine l&#8217;unique contr\u00f4le absolu sur vos documents. Vous [&hellip;]<\/p>\n","protected":false},"author":1,"featured_media":0,"parent":0,"menu_order":0,"comment_status":"closed","ping_status":"closed","template":"","meta":{"footnotes":""},"class_list":["post-49","page","type-page","status-publish","hentry"],"_links":{"self":[{"href":"https:\/\/easyfordoc.com\/index.php?rest_route=\/wp\/v2\/pages\/49","targetHints":{"allow":["GET"]}}],"collection":[{"href":"https:\/\/easyfordoc.com\/index.php?rest_route=\/wp\/v2\/pages"}],"about":[{"href":"https:\/\/easyfordoc.com\/index.php?rest_route=\/wp\/v2\/types\/page"}],"author":[{"embeddable":true,"href":"https:\/\/easyfordoc.com\/index.php?rest_route=\/wp\/v2\/users\/1"}],"replies":[{"embeddable":true,"href":"https:\/\/easyfordoc.com\/index.php?rest_route=%2Fwp%2Fv2%2Fcomments&post=49"}],"version-history":[{"count":5,"href":"https:\/\/easyfordoc.com\/index.php?rest_route=\/wp\/v2\/pages\/49\/revisions"}],"predecessor-version":[{"id":77,"href":"https:\/\/easyfordoc.com\/index.php?rest_route=\/wp\/v2\/pages\/49\/revisions\/77"}],"wp:attachment":[{"href":"https:\/\/easyfordoc.com\/index.php?rest_route=%2Fwp%2Fv2%2Fmedia&parent=49"}],"curies":[{"name":"wp","href":"https:\/\/api.w.org\/{rel}","templated":true}]}}