{"id":53,"date":"2023-07-01T21:33:47","date_gmt":"2023-07-01T19:33:47","guid":{"rendered":"https:\/\/easyfordoc.com\/?page_id=53"},"modified":"2023-07-04T16:17:33","modified_gmt":"2023-07-04T14:17:33","slug":"une-communication-multi-canal","status":"publish","type":"page","link":"https:\/\/easyfordoc.com\/?page_id=53","title":{"rendered":"Une communication multi-canal"},"content":{"rendered":"\n<figure class=\"wp-block-image size-full\"><img loading=\"lazy\" decoding=\"async\" width=\"960\" height=\"540\" src=\"https:\/\/easyfordoc.com\/wp-content\/uploads\/2023\/07\/Diapositive2-2.jpeg\" alt=\"\" class=\"wp-image-54\" srcset=\"https:\/\/easyfordoc.com\/wp-content\/uploads\/2023\/07\/Diapositive2-2.jpeg 960w, https:\/\/easyfordoc.com\/wp-content\/uploads\/2023\/07\/Diapositive2-2-300x169.jpeg 300w, https:\/\/easyfordoc.com\/wp-content\/uploads\/2023\/07\/Diapositive2-2-768x432.jpeg 768w\" sizes=\"auto, (max-width: 960px) 100vw, 960px\" \/><\/figure>\n\n\n\n<p>Pour transmettre vos informations, le support \u00e9crit n&#8217;est pas toujours le plus adapt\u00e9. <\/p>\n\n\n\n<p>Un fichier sonore, une vid\u00e9o, un lien, des coordonn\u00e9es g\u00e9ographiques peuvent se r\u00e9v\u00e9ler plus pertinentes. <\/p>\n\n\n\n<p>En mati\u00e8re d&#8217;ergonomie utilisateur, scanner un qrcode peut se r\u00e9v\u00e9ler plus rapide par rapport \u00e0 une saisie manuelle.<\/p>\n","protected":false},"excerpt":{"rendered":"<p>Pour transmettre vos informations, le support \u00e9crit n&#8217;est pas toujours le plus adapt\u00e9. Un fichier sonore, une vid\u00e9o, un lien, des coordonn\u00e9es g\u00e9ographiques peuvent se r\u00e9v\u00e9ler plus pertinentes. En mati\u00e8re d&#8217;ergonomie utilisateur, scanner un qrcode peut se r\u00e9v\u00e9ler plus rapide par rapport \u00e0 une saisie manuelle.<\/p>\n","protected":false},"author":1,"featured_media":0,"parent":0,"menu_order":0,"comment_status":"closed","ping_status":"closed","template":"","meta":{"footnotes":""},"class_list":["post-53","page","type-page","status-publish","hentry"],"_links":{"self":[{"href":"https:\/\/easyfordoc.com\/index.php?rest_route=\/wp\/v2\/pages\/53","targetHints":{"allow":["GET"]}}],"collection":[{"href":"https:\/\/easyfordoc.com\/index.php?rest_route=\/wp\/v2\/pages"}],"about":[{"href":"https:\/\/easyfordoc.com\/index.php?rest_route=\/wp\/v2\/types\/page"}],"author":[{"embeddable":true,"href":"https:\/\/easyfordoc.com\/index.php?rest_route=\/wp\/v2\/users\/1"}],"replies":[{"embeddable":true,"href":"https:\/\/easyfordoc.com\/index.php?rest_route=%2Fwp%2Fv2%2Fcomments&post=53"}],"version-history":[{"count":3,"href":"https:\/\/easyfordoc.com\/index.php?rest_route=\/wp\/v2\/pages\/53\/revisions"}],"predecessor-version":[{"id":74,"href":"https:\/\/easyfordoc.com\/index.php?rest_route=\/wp\/v2\/pages\/53\/revisions\/74"}],"wp:attachment":[{"href":"https:\/\/easyfordoc.com\/index.php?rest_route=%2Fwp%2Fv2%2Fmedia&parent=53"}],"curies":[{"name":"wp","href":"https:\/\/api.w.org\/{rel}","templated":true}]}}