{"id":56,"date":"2023-07-01T21:40:58","date_gmt":"2023-07-01T19:40:58","guid":{"rendered":"https:\/\/easyfordoc.com\/?page_id=56"},"modified":"2023-07-01T21:40:58","modified_gmt":"2023-07-01T19:40:58","slug":"procedes-bas-carbone","status":"publish","type":"page","link":"https:\/\/easyfordoc.com\/?page_id=56","title":{"rendered":"Proc\u00e9d\u00e9s bas carbone"},"content":{"rendered":"\n<figure class=\"wp-block-image size-full\"><img loading=\"lazy\" decoding=\"async\" width=\"960\" height=\"540\" src=\"https:\/\/easyfordoc.com\/wp-content\/uploads\/2023\/07\/Diapositive5.jpeg\" alt=\"\" class=\"wp-image-57\" srcset=\"https:\/\/easyfordoc.com\/wp-content\/uploads\/2023\/07\/Diapositive5.jpeg 960w, https:\/\/easyfordoc.com\/wp-content\/uploads\/2023\/07\/Diapositive5-300x169.jpeg 300w, https:\/\/easyfordoc.com\/wp-content\/uploads\/2023\/07\/Diapositive5-768x432.jpeg 768w\" sizes=\"auto, (max-width: 960px) 100vw, 960px\" \/><\/figure>\n\n\n\n<p>Respecter l&#8217;environnement c&#8217;est penser l&#8217;\u00e9laboration de proc\u00e9d\u00e9s  dans une strat\u00e9gie bas-carbone. <\/p>\n\n\n\n<p>De la conception de bases de donn\u00e9es peu gourmandes en \u00e9nergie, \u00e0 l&#8217;\u00e9laboration de documents con\u00e7us pour un usage minimal et raisonn\u00e9 de l&#8217;impression, avec EasyForDoc, vous vous engagez \u00e0 \u00eatre un acteur responsable de notre environnement.<\/p>\n","protected":false},"excerpt":{"rendered":"<p>Respecter l&#8217;environnement c&#8217;est penser l&#8217;\u00e9laboration de proc\u00e9d\u00e9s dans une strat\u00e9gie bas-carbone. De la conception de bases de donn\u00e9es peu gourmandes en \u00e9nergie, \u00e0 l&#8217;\u00e9laboration de documents con\u00e7us pour un usage minimal et raisonn\u00e9 de l&#8217;impression, avec EasyForDoc, vous vous engagez \u00e0 \u00eatre un acteur responsable de notre environnement.<\/p>\n","protected":false},"author":1,"featured_media":0,"parent":0,"menu_order":0,"comment_status":"closed","ping_status":"closed","template":"","meta":{"footnotes":""},"class_list":["post-56","page","type-page","status-publish","hentry"],"_links":{"self":[{"href":"https:\/\/easyfordoc.com\/index.php?rest_route=\/wp\/v2\/pages\/56","targetHints":{"allow":["GET"]}}],"collection":[{"href":"https:\/\/easyfordoc.com\/index.php?rest_route=\/wp\/v2\/pages"}],"about":[{"href":"https:\/\/easyfordoc.com\/index.php?rest_route=\/wp\/v2\/types\/page"}],"author":[{"embeddable":true,"href":"https:\/\/easyfordoc.com\/index.php?rest_route=\/wp\/v2\/users\/1"}],"replies":[{"embeddable":true,"href":"https:\/\/easyfordoc.com\/index.php?rest_route=%2Fwp%2Fv2%2Fcomments&post=56"}],"version-history":[{"count":1,"href":"https:\/\/easyfordoc.com\/index.php?rest_route=\/wp\/v2\/pages\/56\/revisions"}],"predecessor-version":[{"id":58,"href":"https:\/\/easyfordoc.com\/index.php?rest_route=\/wp\/v2\/pages\/56\/revisions\/58"}],"wp:attachment":[{"href":"https:\/\/easyfordoc.com\/index.php?rest_route=%2Fwp%2Fv2%2Fmedia&parent=56"}],"curies":[{"name":"wp","href":"https:\/\/api.w.org\/{rel}","templated":true}]}}