{"id":60,"date":"2023-07-01T21:48:12","date_gmt":"2023-07-01T19:48:12","guid":{"rendered":"https:\/\/easyfordoc.com\/?page_id=60"},"modified":"2023-07-01T21:48:12","modified_gmt":"2023-07-01T19:48:12","slug":"technologie-apprenante","status":"publish","type":"page","link":"https:\/\/easyfordoc.com\/?page_id=60","title":{"rendered":"Technologie apprenante"},"content":{"rendered":"\n<figure class=\"wp-block-image size-full\"><img loading=\"lazy\" decoding=\"async\" width=\"960\" height=\"540\" src=\"https:\/\/easyfordoc.com\/wp-content\/uploads\/2023\/07\/Diapositive6.jpeg\" alt=\"\" class=\"wp-image-61\" srcset=\"https:\/\/easyfordoc.com\/wp-content\/uploads\/2023\/07\/Diapositive6.jpeg 960w, https:\/\/easyfordoc.com\/wp-content\/uploads\/2023\/07\/Diapositive6-300x169.jpeg 300w, https:\/\/easyfordoc.com\/wp-content\/uploads\/2023\/07\/Diapositive6-768x432.jpeg 768w\" sizes=\"auto, (max-width: 960px) 100vw, 960px\" \/><\/figure>\n\n\n\n<p>Innover, mais surtout s&#8217;am\u00e9liorer continuellement. L&#8217;usage du deep learning, vous permet d&#8217;optimiser et d&#8217;acc\u00e9l\u00e9rez l&#8217;\u00e9dition de vos documents en fonction de vos usages. Vos choix s&#8217;incr\u00e9mentent en fonction de vos habitudes et des optimisations des process, avec un seul objectif: <\/p>\n\n\n\n<p>des documents de plus en plus EASY : Efficaces, Accessibles, Simples et Individualis\u00e9s, le tout dans une strat\u00e9gie bas-carbone continuellement am\u00e9lior\u00e9e. <\/p>\n","protected":false},"excerpt":{"rendered":"<p>Innover, mais surtout s&#8217;am\u00e9liorer continuellement. L&#8217;usage du deep learning, vous permet d&#8217;optimiser et d&#8217;acc\u00e9l\u00e9rez l&#8217;\u00e9dition de vos documents en fonction de vos usages. Vos choix s&#8217;incr\u00e9mentent en fonction de vos habitudes et des optimisations des process, avec un seul objectif: des documents de plus en plus EASY : Efficaces, Accessibles, Simples et Individualis\u00e9s, le tout [&hellip;]<\/p>\n","protected":false},"author":1,"featured_media":0,"parent":0,"menu_order":0,"comment_status":"closed","ping_status":"closed","template":"","meta":{"footnotes":""},"class_list":["post-60","page","type-page","status-publish","hentry"],"_links":{"self":[{"href":"https:\/\/easyfordoc.com\/index.php?rest_route=\/wp\/v2\/pages\/60","targetHints":{"allow":["GET"]}}],"collection":[{"href":"https:\/\/easyfordoc.com\/index.php?rest_route=\/wp\/v2\/pages"}],"about":[{"href":"https:\/\/easyfordoc.com\/index.php?rest_route=\/wp\/v2\/types\/page"}],"author":[{"embeddable":true,"href":"https:\/\/easyfordoc.com\/index.php?rest_route=\/wp\/v2\/users\/1"}],"replies":[{"embeddable":true,"href":"https:\/\/easyfordoc.com\/index.php?rest_route=%2Fwp%2Fv2%2Fcomments&post=60"}],"version-history":[{"count":1,"href":"https:\/\/easyfordoc.com\/index.php?rest_route=\/wp\/v2\/pages\/60\/revisions"}],"predecessor-version":[{"id":62,"href":"https:\/\/easyfordoc.com\/index.php?rest_route=\/wp\/v2\/pages\/60\/revisions\/62"}],"wp:attachment":[{"href":"https:\/\/easyfordoc.com\/index.php?rest_route=%2Fwp%2Fv2%2Fmedia&parent=60"}],"curies":[{"name":"wp","href":"https:\/\/api.w.org\/{rel}","templated":true}]}}