{"id":63,"date":"2023-07-01T21:53:19","date_gmt":"2023-07-01T19:53:19","guid":{"rendered":"https:\/\/easyfordoc.com\/?page_id=63"},"modified":"2023-07-01T21:53:19","modified_gmt":"2023-07-01T19:53:19","slug":"concentrez-vous-sur-lessentiel","status":"publish","type":"page","link":"https:\/\/easyfordoc.com\/?page_id=63","title":{"rendered":"Concentrez vous sur l&#8217;essentiel,"},"content":{"rendered":"\n<figure class=\"wp-block-image size-full\"><img loading=\"lazy\" decoding=\"async\" width=\"960\" height=\"540\" src=\"https:\/\/easyfordoc.com\/wp-content\/uploads\/2023\/07\/EFDV2concentration.jpg\" alt=\"\" class=\"wp-image-64\" srcset=\"https:\/\/easyfordoc.com\/wp-content\/uploads\/2023\/07\/EFDV2concentration.jpg 960w, https:\/\/easyfordoc.com\/wp-content\/uploads\/2023\/07\/EFDV2concentration-300x169.jpg 300w, https:\/\/easyfordoc.com\/wp-content\/uploads\/2023\/07\/EFDV2concentration-768x432.jpg 768w\" sizes=\"auto, (max-width: 960px) 100vw, 960px\" \/><\/figure>\n\n\n\n<p>Quelque soit votre coeur de m\u00e9tier, votre temps est pr\u00e9cieux. <\/p>\n\n\n\n<p>Que vous d\u00e9l\u00e9guiez, ou fassiez tout, tout seul, ma\u00eetrisez vos informations en permanence, et concentrez vous sur l&#8217;essentiel. <\/p>\n\n\n\n<p>Le reste ne n\u00e9cessite qu&#8217;un seul clic, simplement. <\/p>\n","protected":false},"excerpt":{"rendered":"<p>Quelque soit votre coeur de m\u00e9tier, votre temps est pr\u00e9cieux. Que vous d\u00e9l\u00e9guiez, ou fassiez tout, tout seul, ma\u00eetrisez vos informations en permanence, et concentrez vous sur l&#8217;essentiel. Le reste ne n\u00e9cessite qu&#8217;un seul clic, simplement.<\/p>\n","protected":false},"author":1,"featured_media":0,"parent":0,"menu_order":0,"comment_status":"closed","ping_status":"closed","template":"","meta":{"footnotes":""},"class_list":["post-63","page","type-page","status-publish","hentry"],"_links":{"self":[{"href":"https:\/\/easyfordoc.com\/index.php?rest_route=\/wp\/v2\/pages\/63","targetHints":{"allow":["GET"]}}],"collection":[{"href":"https:\/\/easyfordoc.com\/index.php?rest_route=\/wp\/v2\/pages"}],"about":[{"href":"https:\/\/easyfordoc.com\/index.php?rest_route=\/wp\/v2\/types\/page"}],"author":[{"embeddable":true,"href":"https:\/\/easyfordoc.com\/index.php?rest_route=\/wp\/v2\/users\/1"}],"replies":[{"embeddable":true,"href":"https:\/\/easyfordoc.com\/index.php?rest_route=%2Fwp%2Fv2%2Fcomments&post=63"}],"version-history":[{"count":1,"href":"https:\/\/easyfordoc.com\/index.php?rest_route=\/wp\/v2\/pages\/63\/revisions"}],"predecessor-version":[{"id":65,"href":"https:\/\/easyfordoc.com\/index.php?rest_route=\/wp\/v2\/pages\/63\/revisions\/65"}],"wp:attachment":[{"href":"https:\/\/easyfordoc.com\/index.php?rest_route=%2Fwp%2Fv2%2Fmedia&parent=63"}],"curies":[{"name":"wp","href":"https:\/\/api.w.org\/{rel}","templated":true}]}}